{"id":1299,"date":"2025-02-11T10:52:59","date_gmt":"2025-02-11T09:52:59","guid":{"rendered":"https:\/\/jestrabek.web2-develop.de\/messetermine-lager-regalsysteme\/"},"modified":"2025-03-05T12:41:40","modified_gmt":"2025-03-05T11:41:40","slug":"trade-fairs-storage-retrieval-systems","status":"publish","type":"page","link":"https:\/\/jestrabek-regalsysteme.com\/en\/trade-fairs-storage-retrieval-systems\/","title":{"rendered":"Trade fair dates"},"content":{"rendered":"<div id=\"pl-1299\"  class=\"panel-layout\" ><div id=\"pg-1299-0\"  class=\"panel-grid panel-no-style\" ><div id=\"pgc-1299-0-0\"  class=\"panel-grid-cell\" ><div id=\"panel-1299-0-0-0\" class=\"so-panel widget widget_sow-editor panel-first-child panel-last-child\" data-index=\"0\" ><div\n\t\t\t\n\t\t\tclass=\"so-widget-sow-editor so-widget-sow-editor-base\"\n\t\t\t\n\t\t>\n<div class=\"siteorigin-widget-tinymce textwidget\">\n\t<p class=\"span-headline\" style=\"text-align: center;\">Trade fair dates<\/p>\n<h1 style=\"text-align: center;\">Get to know our storage and shelving systems at the trade fair<\/h1>\n<h3 style=\"text-align: center;\">We exhibit: Our current trade fair dates<\/h3>\n<hr class=\"hr-center\" \/>\n<\/div>\n<\/div><\/div><\/div><\/div><div id=\"pg-1299-1\"  class=\"panel-grid panel-no-style\" ><div id=\"pgc-1299-1-0\"  class=\"panel-grid-cell\" ><div id=\"panel-1299-1-0-0\" class=\"so-panel widget widget_sow-image panel-first-child panel-last-child\" data-index=\"1\" ><div\n\t\t\t\n\t\t\tclass=\"so-widget-sow-image so-widget-sow-image-default-3e61eb3f496c-1299\"\n\t\t\t\n\t\t>\n<div class=\"sow-image-container\">\n\t\t<img \n\tsrc=\"https:\/\/jestrabek-regalsysteme.com\/wp-content\/uploads\/2025\/03\/jestrabek-messe-chillventa-768x512.webp\" width=\"768\" height=\"512\" srcset=\"https:\/\/jestrabek-regalsysteme.com\/wp-content\/uploads\/2025\/03\/jestrabek-messe-chillventa-768x512.webp 768w, https:\/\/jestrabek-regalsysteme.com\/wp-content\/uploads\/2025\/03\/jestrabek-messe-chillventa-300x200.webp 300w, https:\/\/jestrabek-regalsysteme.com\/wp-content\/uploads\/2025\/03\/jestrabek-messe-chillventa.webp 1005w\" sizes=\"(max-width: 768px) 100vw, 768px\" alt=\"\" \t\tclass=\"so-widget-image\"\/>\n\t<\/div>\n\n<\/div><\/div><\/div><div id=\"pgc-1299-1-1\"  class=\"panel-grid-cell\" ><div id=\"panel-1299-1-1-0\" class=\"so-panel widget widget_sow-editor panel-first-child\" data-index=\"2\" ><div\n\t\t\t\n\t\t\tclass=\"so-widget-sow-editor so-widget-sow-editor-base\"\n\t\t\t\n\t\t>\n<div class=\"siteorigin-widget-tinymce textwidget\">\n\t<h3>Chillventa 2026<\/h3>\n<hr \/>\n<p><em>13 to 15 October 2026<\/em><br \/>\n<strong>N\u00fcrnberg<\/strong><br \/>\nTrade fair for refrigeration, air conditioning, ventilation and heat pumps.<br \/>\nMore detailed information will follow.<\/p>\n<\/div>\n<\/div><\/div><div id=\"panel-1299-1-1-1\" class=\"so-panel widget widget_sow-button panel-last-child\" data-index=\"3\" ><div\n\t\t\t\n\t\t\tclass=\"so-widget-sow-button so-widget-sow-button-flat-872207ba8246-1299\"\n\t\t\t\n\t\t><div class=\"ow-button-base ow-button-align-left\"\n>\n\t\t\t<a\n\t\t\t\t\thref=\"https:\/\/www.chillventa.de\/en\"\n\t\t\t\t\tclass=\"sowb-button ow-icon-placement-right ow-button-hover\" target=\"_blank\" rel=\"noopener noreferrer\" \t>\n\t\t<span>\n\t\t\t<span class=\"sow-icon-materialicons sowm-sharp\" data-sow-icon=\"&#xe5c8\"\n\t\tstyle=\"\" \n\t\taria-hidden=\"true\"><\/span>\n\t\t\tLearn more\t\t<\/span>\n\t\t\t<\/a>\n\t<\/div>\n<\/div><\/div><\/div><\/div><div id=\"pg-1299-2\"  class=\"panel-grid panel-no-style\" ><div id=\"pgc-1299-2-0\"  class=\"panel-grid-cell\" ><div id=\"panel-1299-2-0-0\" class=\"so-panel widget widget_sow-editor panel-first-child\" data-index=\"4\" ><div\n\t\t\t\n\t\t\tclass=\"so-widget-sow-editor so-widget-sow-editor-base\"\n\t\t\t\n\t\t>\n<div class=\"siteorigin-widget-tinymce textwidget\">\n\t<h2 style=\"text-align: center;\">Customers who rely on us<\/h2>\n<hr class=\"hr-center\" \/>\n<\/div>\n<\/div><\/div><div id=\"panel-1299-2-0-1\" class=\"so-panel widget widget_wh2-card-slider-widget panel-last-child\" data-index=\"5\" ><div\n\t\t\t\n\t\t\tclass=\"so-widget-wh2-card-slider-widget so-widget-wh2-card-slider-widget-default-d75171398898-1299\"\n\t\t\t\n\t\t><div class=\"uk-slider-container-offset\" uk-slider=\"\n    autoplay:true; autoplay-interval: 2500; \">\n\n    <div class=\"uk-position-relative uk-visible-toggle uk-dark\" tabindex=\"-1\">\n\n        <div class=\"uk-slider-items\n             uk-child-width-1-2 uk-child-width-1-2@s uk-child-width-1-3@m  uk-grid-medium         uk-grid\">\n\n                        <div>\n                    <div class=\"uk-card uk-card-default \">\n                        <div class=\"uk-card-media-top\">\n                                                                <img loading=\"lazy\" decoding=\"async\" fetchpriority=\"low\"\n                                        width=\"300\" \n                                        height=\"208\"\n                                        src=\"https:\/\/jestrabek-regalsysteme.com\/wp-content\/uploads\/2025\/02\/jestrabek-kunde-alma-kuechen-550px-300x208.webp\"\n                                        alt=\"\"\n                                    \/>\n                                                        <\/div>\n\n                        \n                                            <\/div>\n                <\/div>\n                            <div>\n                    <div class=\"uk-card uk-card-default \">\n                        <div class=\"uk-card-media-top\">\n                                                                <img loading=\"lazy\" decoding=\"async\" fetchpriority=\"low\"\n                                        width=\"300\" \n                                        height=\"208\"\n                                        src=\"https:\/\/jestrabek-regalsysteme.com\/wp-content\/uploads\/2025\/02\/jestrabek-kunde-b-pro-550px-300x208.webp\"\n                                        alt=\"\"\n                                    \/>\n                                                        <\/div>\n\n                        \n                                            <\/div>\n                <\/div>\n                            <div>\n                    <div class=\"uk-card uk-card-default \">\n                        <div class=\"uk-card-media-top\">\n                                                                <img loading=\"lazy\" decoding=\"async\" fetchpriority=\"low\"\n                                        width=\"300\" \n                                        height=\"208\"\n                                        src=\"https:\/\/jestrabek-regalsysteme.com\/wp-content\/uploads\/2025\/02\/jestrabek-kunde-galeria-550px-300x208.webp\"\n                                        alt=\"\"\n                                    \/>\n                                                        <\/div>\n\n                        \n                                            <\/div>\n                <\/div>\n                            <div>\n                    <div class=\"uk-card uk-card-default \">\n                        <div class=\"uk-card-media-top\">\n                                                                <img loading=\"lazy\" decoding=\"async\" fetchpriority=\"low\"\n                                        width=\"300\" \n                                        height=\"208\"\n                                        src=\"https:\/\/jestrabek-regalsysteme.com\/wp-content\/uploads\/2025\/02\/jestrabek-kunde-K-K-550px-300x208.webp\"\n                                        alt=\"\"\n                                    \/>\n                                                        <\/div>\n\n                        \n                                            <\/div>\n                <\/div>\n                            <div>\n                    <div class=\"uk-card uk-card-default \">\n                        <div class=\"uk-card-media-top\">\n                                                                <img loading=\"lazy\" decoding=\"async\" fetchpriority=\"low\"\n                                        width=\"300\" \n                                        height=\"208\"\n                                        src=\"https:\/\/jestrabek-regalsysteme.com\/wp-content\/uploads\/2025\/02\/jestrabek-kunde-kaeltering-550px-300x208.webp\"\n                                        alt=\"\"\n                                    \/>\n                                                        <\/div>\n\n                        \n                                            <\/div>\n                <\/div>\n                            <div>\n                    <div class=\"uk-card uk-card-default \">\n                        <div class=\"uk-card-media-top\">\n                                                                <img loading=\"lazy\" decoding=\"async\" fetchpriority=\"low\"\n                                        width=\"300\" \n                                        height=\"208\"\n                                        src=\"https:\/\/jestrabek-regalsysteme.com\/wp-content\/uploads\/2025\/02\/jestrabek-kunde-palux-550px-300x208.webp\"\n                                        alt=\"\"\n                                    \/>\n                                                        <\/div>\n\n                        \n                                            <\/div>\n                <\/div>\n                            <div>\n                    <div class=\"uk-card uk-card-default \">\n                        <div class=\"uk-card-media-top\">\n                                                                <img loading=\"lazy\" decoding=\"async\" fetchpriority=\"low\"\n                                        width=\"300\" \n                                        height=\"208\"\n                                        src=\"https:\/\/jestrabek-regalsysteme.com\/wp-content\/uploads\/2025\/02\/jestrabek-kunde-steripower-550px-300x208.webp\"\n                                        alt=\"\"\n                                    \/>\n                                                        <\/div>\n\n                        \n                                            <\/div>\n                <\/div>\n                            <div>\n                    <div class=\"uk-card uk-card-default \">\n                        <div class=\"uk-card-media-top\">\n                                                                <img loading=\"lazy\" decoding=\"async\" fetchpriority=\"low\"\n                                        width=\"300\" \n                                        height=\"208\"\n                                        src=\"https:\/\/jestrabek-regalsysteme.com\/wp-content\/uploads\/2025\/02\/jestrabek-kunde-thermatec-550px-300x208.webp\"\n                                        alt=\"\"\n                                    \/>\n                                                        <\/div>\n\n                        \n                                            <\/div>\n                <\/div>\n                            <\/div>\n    <\/div>\n\n             <a class=\"slide-nav uk-position-center-left\" href uk-slider-item=\"previous\">\n            <svg width=\"29\" height=\"49\" viewBox=\"0 0 29 49\" fill=\"none\" xmlns=\"http:\/\/www.w3.org\/2000\/svg\">\n                <path d=\"M24.5063 47.3563L24.8571 47.7016L25.2078 47.3563L27.3508 45.2469L27.7127 44.8906L27.3508 44.5342L6.99857 24.5L27.3508 4.46576L27.7127 4.10944L27.3508 3.75311L25.2078 1.64367L24.8571 1.2984L24.5063 1.64367L1.64924 24.1437L1.28726 24.5L1.64924 24.8563L24.5063 47.3563Z\" fill=\"#fff\" stroke=\"#fff\"\/>\n            <\/svg>\n        <\/a>\n        <a class=\"slide-nav uk-position-center-right\" href uk-slider-item=\"next\">\n            <svg width=\"29\" height=\"49\" viewBox=\"0 0 29 49\" fill=\"none\" xmlns=\"http:\/\/www.w3.org\/2000\/svg\">\n                <path d=\"M4.49368 1.64368L4.14292 1.2984L3.79216 1.64368L1.64924 3.75311L1.28726 4.10944L1.64924 4.46577L22.0014 24.5L1.64924 44.5342L1.28726 44.8906L1.64924 45.2469L3.79216 47.3563L4.14292 47.7016L4.49368 47.3563L27.3508 24.8563L27.7127 24.5L27.3508 24.1437L4.49368 1.64368Z\" fill=\"#fff\" stroke=\"#fff\"\/>\n            <\/svg>\n        <\/a>\n    \n    \n<\/div><\/div><\/div><\/div><\/div><div id=\"pg-1299-3\"  class=\"panel-grid panel-has-style\" ><div class=\"ansprechpartner no-margin-bottom siteorigin-panels-stretch panel-stretched-bg panel-row-style panel-row-style-for-1299-3\" data-stretch-type=\"stretched_bg\" ><div id=\"pgc-1299-3-0\"  class=\"panel-grid-cell\" ><div id=\"panel-1299-3-0-0\" class=\"so-panel widget widget_siteorigin-panels-builder panel-first-child panel-last-child\" data-index=\"6\" ><div id=\"pl-w67b3075c608f0\"  class=\"panel-layout\" ><div id=\"pg-w67b3075c608f0-0\"  class=\"panel-grid panel-no-style\" ><div id=\"pgc-w67b3075c608f0-0-0\"  class=\"panel-grid-cell panel-grid-cell-mobile-last\" ><div id=\"panel-w67b3075c608f0-0-0-0\" class=\"so-panel widget widget_sow-editor panel-first-child\" data-index=\"0\" ><div\n\t\t\t\n\t\t\tclass=\"so-widget-sow-editor so-widget-sow-editor-base\"\n\t\t\t\n\t\t>\n<div class=\"siteorigin-widget-tinymce textwidget\">\n\t<h2>Would you prefer a personalised presentation?<\/h2>\n<hr \/>\n<p>Would you like to familiarise yourself with our shelving systems in a personal meeting?<\/p>\n<p><strong>Contact us \u2013 we look forward to your appointment enquiry!<\/strong><\/p>\n<\/div>\n<\/div><\/div><div id=\"panel-w67b3075c608f0-0-0-1\" class=\"so-panel widget widget_sow-button panel-last-child\" data-index=\"1\" ><div\n\t\t\t\n\t\t\tclass=\"so-widget-sow-button so-widget-sow-button-flat-872207ba8246\"\n\t\t\t\n\t\t><div class=\"ow-button-base ow-button-align-left\"\n>\n\t\t\t<a\n\t\t\t\t\thref=\"https:\/\/jestrabek-regalsysteme.com\/en\/contact-storage-racking-systems\/\"\n\t\t\t\t\tclass=\"sowb-button ow-icon-placement-right ow-button-hover\" \t>\n\t\t<span>\n\t\t\t<span class=\"sow-icon-materialicons sowm-sharp\" data-sow-icon=\"&#xe5c8\"\n\t\tstyle=\"\" \n\t\taria-hidden=\"true\"><\/span>\n\t\t\tGet in touch now\t\t<\/span>\n\t\t\t<\/a>\n\t<\/div>\n<\/div><\/div><\/div><div id=\"pgc-w67b3075c608f0-0-1\"  class=\"panel-grid-cell panel-grid-cell-empty\" ><div class=\"panel-cell-style panel-cell-style-for-w67b3075c608f0-0-1\" ><\/div><\/div><\/div><\/div><\/div><\/div><\/div><\/div><\/div>","protected":false},"excerpt":{"rendered":"<p>Trade fair dates Get to know our storage and shelving systems at the trade fair We exhibit: Our current trade [&hellip;]<\/p>\n","protected":false},"author":1,"featured_media":1131,"parent":0,"menu_order":70,"comment_status":"closed","ping_status":"closed","template":"","meta":{"_acf_changed":false,"footnotes":""},"class_list":["post-1299","page","type-page","status-publish","has-post-thumbnail","hentry"],"acf":[],"yoast_head":"<!-- This site is optimized with the Yoast SEO plugin v27.5 - https:\/\/yoast.com\/product\/yoast-seo-wordpress\/ -->\n<title>Trade fair dates - Jestrabek Regalsysteme<\/title>\n<meta name=\"description\" content=\"Individuelle Regalsysteme f\u00fcr h\u00f6chste Anspr\u00fcche\" \/>\n<meta name=\"robots\" content=\"index, follow, max-snippet:-1, max-image-preview:large, max-video-preview:-1\" \/>\n<link rel=\"canonical\" href=\"https:\/\/jestrabek-regalsysteme.com\/en\/trade-fairs-storage-retrieval-systems\/\" \/>\n<meta property=\"og:locale\" content=\"en_US\" \/>\n<meta property=\"og:type\" content=\"article\" \/>\n<meta property=\"og:title\" content=\"Trade fair dates - Jestrabek Regalsysteme\" \/>\n<meta property=\"og:description\" content=\"Individuelle Regalsysteme f\u00fcr h\u00f6chste Anspr\u00fcche\" \/>\n<meta property=\"og:url\" content=\"https:\/\/jestrabek-regalsysteme.com\/en\/trade-fairs-storage-retrieval-systems\/\" \/>\n<meta property=\"og:site_name\" content=\"Jestrabek Regalsysteme\" \/>\n<meta property=\"article:modified_time\" content=\"2025-03-05T11:41:40+00:00\" \/>\n<meta property=\"og:image\" content=\"https:\/\/jestrabek-regalsysteme.com\/wp-content\/uploads\/2025\/02\/jestrabek-messetermine-subheader-DSA06414.webp\" \/>\n\t<meta property=\"og:image:width\" content=\"2560\" \/>\n\t<meta property=\"og:image:height\" content=\"1400\" \/>\n\t<meta property=\"og:image:type\" content=\"image\/webp\" \/>\n<meta name=\"twitter:card\" content=\"summary_large_image\" \/>\n<meta name=\"twitter:label1\" content=\"Est. reading time\" \/>\n\t<meta name=\"twitter:data1\" content=\"3 minutes\" \/>\n<script type=\"application\/ld+json\" class=\"yoast-schema-graph\">{\"@context\":\"https:\\\/\\\/schema.org\",\"@graph\":[{\"@type\":\"WebPage\",\"@id\":\"https:\\\/\\\/jestrabek-regalsysteme.com\\\/en\\\/trade-fairs-storage-retrieval-systems\\\/\",\"url\":\"https:\\\/\\\/jestrabek-regalsysteme.com\\\/en\\\/trade-fairs-storage-retrieval-systems\\\/\",\"name\":\"Trade fair dates - Jestrabek Regalsysteme\",\"isPartOf\":{\"@id\":\"https:\\\/\\\/jestrabek-regalsysteme.com\\\/en\\\/#website\"},\"primaryImageOfPage\":{\"@id\":\"https:\\\/\\\/jestrabek-regalsysteme.com\\\/en\\\/trade-fairs-storage-retrieval-systems\\\/#primaryimage\"},\"image\":{\"@id\":\"https:\\\/\\\/jestrabek-regalsysteme.com\\\/en\\\/trade-fairs-storage-retrieval-systems\\\/#primaryimage\"},\"thumbnailUrl\":\"https:\\\/\\\/jestrabek-regalsysteme.com\\\/wp-content\\\/uploads\\\/2025\\\/02\\\/jestrabek-ueber_uns-subheader-DSA06486.webp\",\"datePublished\":\"2025-02-11T09:52:59+00:00\",\"dateModified\":\"2025-03-05T11:41:40+00:00\",\"description\":\"Individuelle Regalsysteme f\u00fcr h\u00f6chste Anspr\u00fcche\",\"breadcrumb\":{\"@id\":\"https:\\\/\\\/jestrabek-regalsysteme.com\\\/en\\\/trade-fairs-storage-retrieval-systems\\\/#breadcrumb\"},\"inLanguage\":\"en-US\",\"potentialAction\":[{\"@type\":\"ReadAction\",\"target\":[\"https:\\\/\\\/jestrabek-regalsysteme.com\\\/en\\\/trade-fairs-storage-retrieval-systems\\\/\"]}]},{\"@type\":\"ImageObject\",\"inLanguage\":\"en-US\",\"@id\":\"https:\\\/\\\/jestrabek-regalsysteme.com\\\/en\\\/trade-fairs-storage-retrieval-systems\\\/#primaryimage\",\"url\":\"https:\\\/\\\/jestrabek-regalsysteme.com\\\/wp-content\\\/uploads\\\/2025\\\/02\\\/jestrabek-ueber_uns-subheader-DSA06486.webp\",\"contentUrl\":\"https:\\\/\\\/jestrabek-regalsysteme.com\\\/wp-content\\\/uploads\\\/2025\\\/02\\\/jestrabek-ueber_uns-subheader-DSA06486.webp\",\"width\":2560,\"height\":1400},{\"@type\":\"BreadcrumbList\",\"@id\":\"https:\\\/\\\/jestrabek-regalsysteme.com\\\/en\\\/trade-fairs-storage-retrieval-systems\\\/#breadcrumb\",\"itemListElement\":[{\"@type\":\"ListItem\",\"position\":1,\"name\":\"Startseite\",\"item\":\"https:\\\/\\\/jestrabek-regalsysteme.com\\\/en\\\/\"},{\"@type\":\"ListItem\",\"position\":2,\"name\":\"Trade fair dates\"}]},{\"@type\":\"WebSite\",\"@id\":\"https:\\\/\\\/jestrabek-regalsysteme.com\\\/en\\\/#website\",\"url\":\"https:\\\/\\\/jestrabek-regalsysteme.com\\\/en\\\/\",\"name\":\"Jestrabek Regalsysteme\",\"description\":\"Individuelle Regalsysteme f\u00fcr h\u00f6chste Anspr\u00fcche\",\"publisher\":{\"@id\":\"https:\\\/\\\/jestrabek-regalsysteme.com\\\/en\\\/#organization\"},\"alternateName\":\"Jestrabek Regalsysteme \u2013 Jestrabek Metalltechnik GmbH\\u2028\",\"potentialAction\":[{\"@type\":\"SearchAction\",\"target\":{\"@type\":\"EntryPoint\",\"urlTemplate\":\"https:\\\/\\\/jestrabek-regalsysteme.com\\\/en\\\/?s={search_term_string}\"},\"query-input\":{\"@type\":\"PropertyValueSpecification\",\"valueRequired\":true,\"valueName\":\"search_term_string\"}}],\"inLanguage\":\"en-US\"},{\"@type\":\"Organization\",\"@id\":\"https:\\\/\\\/jestrabek-regalsysteme.com\\\/en\\\/#organization\",\"name\":\"Jestrabek Metalltechnik GmbH\\u2028\",\"url\":\"https:\\\/\\\/jestrabek-regalsysteme.com\\\/en\\\/\",\"logo\":{\"@type\":\"ImageObject\",\"inLanguage\":\"en-US\",\"@id\":\"https:\\\/\\\/jestrabek-regalsysteme.com\\\/en\\\/#\\\/schema\\\/logo\\\/image\\\/\",\"url\":\"https:\\\/\\\/jestrabek-regalsysteme.com\\\/wp-content\\\/uploads\\\/2025\\\/02\\\/jestrabek-logo-rgb-neg-500px.webp\",\"contentUrl\":\"https:\\\/\\\/jestrabek-regalsysteme.com\\\/wp-content\\\/uploads\\\/2025\\\/02\\\/jestrabek-logo-rgb-neg-500px.webp\",\"width\":500,\"height\":240,\"caption\":\"Jestrabek Metalltechnik GmbH\\u2028\"},\"image\":{\"@id\":\"https:\\\/\\\/jestrabek-regalsysteme.com\\\/en\\\/#\\\/schema\\\/logo\\\/image\\\/\"}}]}<\/script>\n<!-- \/ Yoast SEO plugin. -->","yoast_head_json":{"title":"Trade fair dates - Jestrabek Regalsysteme","description":"Individuelle Regalsysteme f\u00fcr h\u00f6chste Anspr\u00fcche","robots":{"index":"index","follow":"follow","max-snippet":"max-snippet:-1","max-image-preview":"max-image-preview:large","max-video-preview":"max-video-preview:-1"},"canonical":"https:\/\/jestrabek-regalsysteme.com\/en\/trade-fairs-storage-retrieval-systems\/","og_locale":"en_US","og_type":"article","og_title":"Trade fair dates - Jestrabek Regalsysteme","og_description":"Individuelle Regalsysteme f\u00fcr h\u00f6chste Anspr\u00fcche","og_url":"https:\/\/jestrabek-regalsysteme.com\/en\/trade-fairs-storage-retrieval-systems\/","og_site_name":"Jestrabek Regalsysteme","article_modified_time":"2025-03-05T11:41:40+00:00","og_image":[{"width":2560,"height":1400,"url":"https:\/\/jestrabek-regalsysteme.com\/wp-content\/uploads\/2025\/02\/jestrabek-messetermine-subheader-DSA06414.webp","type":"image\/webp"}],"twitter_card":"summary_large_image","twitter_misc":{"Est. reading time":"3 minutes"},"schema":{"@context":"https:\/\/schema.org","@graph":[{"@type":"WebPage","@id":"https:\/\/jestrabek-regalsysteme.com\/en\/trade-fairs-storage-retrieval-systems\/","url":"https:\/\/jestrabek-regalsysteme.com\/en\/trade-fairs-storage-retrieval-systems\/","name":"Trade fair dates - Jestrabek Regalsysteme","isPartOf":{"@id":"https:\/\/jestrabek-regalsysteme.com\/en\/#website"},"primaryImageOfPage":{"@id":"https:\/\/jestrabek-regalsysteme.com\/en\/trade-fairs-storage-retrieval-systems\/#primaryimage"},"image":{"@id":"https:\/\/jestrabek-regalsysteme.com\/en\/trade-fairs-storage-retrieval-systems\/#primaryimage"},"thumbnailUrl":"https:\/\/jestrabek-regalsysteme.com\/wp-content\/uploads\/2025\/02\/jestrabek-ueber_uns-subheader-DSA06486.webp","datePublished":"2025-02-11T09:52:59+00:00","dateModified":"2025-03-05T11:41:40+00:00","description":"Individuelle Regalsysteme f\u00fcr h\u00f6chste Anspr\u00fcche","breadcrumb":{"@id":"https:\/\/jestrabek-regalsysteme.com\/en\/trade-fairs-storage-retrieval-systems\/#breadcrumb"},"inLanguage":"en-US","potentialAction":[{"@type":"ReadAction","target":["https:\/\/jestrabek-regalsysteme.com\/en\/trade-fairs-storage-retrieval-systems\/"]}]},{"@type":"ImageObject","inLanguage":"en-US","@id":"https:\/\/jestrabek-regalsysteme.com\/en\/trade-fairs-storage-retrieval-systems\/#primaryimage","url":"https:\/\/jestrabek-regalsysteme.com\/wp-content\/uploads\/2025\/02\/jestrabek-ueber_uns-subheader-DSA06486.webp","contentUrl":"https:\/\/jestrabek-regalsysteme.com\/wp-content\/uploads\/2025\/02\/jestrabek-ueber_uns-subheader-DSA06486.webp","width":2560,"height":1400},{"@type":"BreadcrumbList","@id":"https:\/\/jestrabek-regalsysteme.com\/en\/trade-fairs-storage-retrieval-systems\/#breadcrumb","itemListElement":[{"@type":"ListItem","position":1,"name":"Startseite","item":"https:\/\/jestrabek-regalsysteme.com\/en\/"},{"@type":"ListItem","position":2,"name":"Trade fair dates"}]},{"@type":"WebSite","@id":"https:\/\/jestrabek-regalsysteme.com\/en\/#website","url":"https:\/\/jestrabek-regalsysteme.com\/en\/","name":"Jestrabek Regalsysteme","description":"Individuelle Regalsysteme f\u00fcr h\u00f6chste Anspr\u00fcche","publisher":{"@id":"https:\/\/jestrabek-regalsysteme.com\/en\/#organization"},"alternateName":"Jestrabek Regalsysteme \u2013 Jestrabek Metalltechnik GmbH\u2028","potentialAction":[{"@type":"SearchAction","target":{"@type":"EntryPoint","urlTemplate":"https:\/\/jestrabek-regalsysteme.com\/en\/?s={search_term_string}"},"query-input":{"@type":"PropertyValueSpecification","valueRequired":true,"valueName":"search_term_string"}}],"inLanguage":"en-US"},{"@type":"Organization","@id":"https:\/\/jestrabek-regalsysteme.com\/en\/#organization","name":"Jestrabek Metalltechnik GmbH\u2028","url":"https:\/\/jestrabek-regalsysteme.com\/en\/","logo":{"@type":"ImageObject","inLanguage":"en-US","@id":"https:\/\/jestrabek-regalsysteme.com\/en\/#\/schema\/logo\/image\/","url":"https:\/\/jestrabek-regalsysteme.com\/wp-content\/uploads\/2025\/02\/jestrabek-logo-rgb-neg-500px.webp","contentUrl":"https:\/\/jestrabek-regalsysteme.com\/wp-content\/uploads\/2025\/02\/jestrabek-logo-rgb-neg-500px.webp","width":500,"height":240,"caption":"Jestrabek Metalltechnik GmbH\u2028"},"image":{"@id":"https:\/\/jestrabek-regalsysteme.com\/en\/#\/schema\/logo\/image\/"}}]}},"_links":{"self":[{"href":"https:\/\/jestrabek-regalsysteme.com\/en\/wp-json\/wp\/v2\/pages\/1299","targetHints":{"allow":["GET"]}}],"collection":[{"href":"https:\/\/jestrabek-regalsysteme.com\/en\/wp-json\/wp\/v2\/pages"}],"about":[{"href":"https:\/\/jestrabek-regalsysteme.com\/en\/wp-json\/wp\/v2\/types\/page"}],"author":[{"embeddable":true,"href":"https:\/\/jestrabek-regalsysteme.com\/en\/wp-json\/wp\/v2\/users\/1"}],"replies":[{"embeddable":true,"href":"https:\/\/jestrabek-regalsysteme.com\/en\/wp-json\/wp\/v2\/comments?post=1299"}],"version-history":[{"count":5,"href":"https:\/\/jestrabek-regalsysteme.com\/en\/wp-json\/wp\/v2\/pages\/1299\/revisions"}],"predecessor-version":[{"id":1515,"href":"https:\/\/jestrabek-regalsysteme.com\/en\/wp-json\/wp\/v2\/pages\/1299\/revisions\/1515"}],"wp:featuredmedia":[{"embeddable":true,"href":"https:\/\/jestrabek-regalsysteme.com\/en\/wp-json\/wp\/v2\/media\/1131"}],"wp:attachment":[{"href":"https:\/\/jestrabek-regalsysteme.com\/en\/wp-json\/wp\/v2\/media?parent=1299"}],"curies":[{"name":"wp","href":"https:\/\/api.w.org\/{rel}","templated":true}]}}