{"id":1301,"date":"2025-02-03T16:00:28","date_gmt":"2025-02-03T15:00:28","guid":{"rendered":"https:\/\/jestrabek.web2-develop.de\/?page_id=1301"},"modified":"2025-02-19T23:11:39","modified_gmt":"2025-02-19T22:11:39","slug":"contact-storage-racking-systems","status":"publish","type":"page","link":"https:\/\/jestrabek-regalsysteme.com\/en\/contact-storage-racking-systems\/","title":{"rendered":"Contact us"},"content":{"rendered":"<div id=\"pl-1301\"  class=\"panel-layout\" ><div id=\"pg-1301-0\"  class=\"panel-grid panel-no-style\" ><div id=\"pgc-1301-0-0\"  class=\"panel-grid-cell\" ><div id=\"panel-1301-0-0-0\" class=\"so-panel widget widget_sow-editor panel-first-child panel-last-child\" data-index=\"0\" ><div\n\t\t\t\n\t\t\tclass=\"so-widget-sow-editor so-widget-sow-editor-base\"\n\t\t\t\n\t\t>\n<div class=\"siteorigin-widget-tinymce textwidget\">\n\t<p class=\"span-headline\">Contact us<\/p>\n<h1>Your contact to Jestrabek<\/h1>\n<h3>Personalised service and expert advice for your storage and shelving system<\/h3>\n<hr \/>\n<p>Whether you have questions, requests or individual requirements \u2013 <strong>our team<\/strong> will be happy to help. Simply contact us by <strong>phone<\/strong>, <strong>e-mail<\/strong> or via our <strong>contact form<\/strong>.<\/p>\n<p>We look forward to hearing from you and will help you quickly and easily.<\/p>\n<p><strong>Jestrabek Metalltechnik GmbH\u2028<\/strong><br \/>\nSiemensstr. 25<br \/>\nD-48683 Ahaus<br \/>\nPhone: <a href=\"tel:+49256167888\">+49 (0) 25 61 \/ 678 88<\/a><br \/>\nMail: <a href=\"mailto:info@jestrabek-regalsysteme.com\">info@jestrabek-regalsysteme.com<\/a><\/p>\n<\/div>\n<\/div><\/div><\/div><div id=\"pgc-1301-0-1\"  class=\"panel-grid-cell\" ><div id=\"panel-1301-0-1-0\" class=\"widget_text so-panel widget widget_custom_html panel-first-child panel-last-child\" data-index=\"1\" ><div class=\"textwidget custom-html-widget\"><p class=\"wpcf7-contact-form-not-found\"><strong>Error:<\/strong> Contact form not found.<\/p><\/div><\/div><\/div><\/div><div id=\"pg-1301-1\"  class=\"panel-grid panel-no-style\" ><div id=\"pgc-1301-1-0\"  class=\"panel-grid-cell\" ><div id=\"panel-1301-1-0-0\" class=\"so-panel widget widget_sow-editor panel-first-child\" data-index=\"2\" ><div\n\t\t\t\n\t\t\tclass=\"so-widget-sow-editor so-widget-sow-editor-base\"\n\t\t\t\n\t\t>\n<div class=\"siteorigin-widget-tinymce textwidget\">\n\t<h2 style=\"text-align: center;\">Your contact at Jestrabek<\/h2>\n<hr class=\"hr-center\" \/>\n<\/div>\n<\/div><\/div><div id=\"panel-1301-1-0-1\" class=\"so-panel widget widget_wh2-featured-card-widget panel-last-child\" data-index=\"3\" ><div\n\t\t\t\n\t\t\tclass=\"so-widget-wh2-featured-card-widget so-widget-wh2-featured-card-widget-default-d75171398898-1301\"\n\t\t\t\n\t\t><div class=\"\n    uk-child-width-1-1 uk-child-width-1-2@s uk-child-width-1-2@m uk-child-width-1-2@l  uk-grid  uk-grid-match\" uk-grid>\n\n            <div>\n            <div class=\"uk-card uk-card-default\">\n\n                                    <div class=\"uk-cover-container\">\n                                                        <canvas width=\"565\" height=\"350\"><\/canvas>\n                                <img loading=\"lazy\" decoding=\"async\"\n                                    width=\"768\" \n                                    height=\"512\"\n                                    src=\"https:\/\/jestrabek-regalsysteme.com\/wp-content\/uploads\/2025\/02\/jestrabek-kontakt-ansprechpartner-DSA06400-768x512.webp\"\n                                    alt=\"\"\n                                    uk-cover \/>\n                                            <\/div>\n                                                \n                <div class=\"uk-card-header\">\n                                            <h5 class=\"card-title\">\n                            Rudolf Jestrabek                         <\/h5>\n                        <hr \/>\n                                    <\/div>\n\n                <div class=\"uk-card-body\">\n                    <p>Managing Director<\/p>\n<p>Mail: <a href=\"mailto:r.jestrabek@jestrabek-regalsysteme.com\">r.jestrabek@jestrabek-regalsysteme.com<\/a><br \/>\nPhone: <a href=\"tel:+49256167888\">+49 (0) 25 61 \/ 678 88<\/a><\/p>\n                <\/div>\n\n                            <\/div>\n        <\/div>\n            <div>\n            <div class=\"uk-card uk-card-default\">\n\n                                    <div class=\"uk-cover-container\">\n                                                        <canvas width=\"565\" height=\"350\"><\/canvas>\n                                <img loading=\"lazy\" decoding=\"async\"\n                                    width=\"768\" \n                                    height=\"512\"\n                                    src=\"https:\/\/jestrabek-regalsysteme.com\/wp-content\/uploads\/2025\/02\/jestrabek-kontakt-ansprechpartner-DSA06388-768x512.webp\"\n                                    alt=\"\"\n                                    uk-cover \/>\n                                            <\/div>\n                                                \n                <div class=\"uk-card-header\">\n                                            <h5 class=\"card-title\">\n                            Tobias Jestrabek                        <\/h5>\n                        <hr \/>\n                                    <\/div>\n\n                <div class=\"uk-card-body\">\n                    <p>Managing Director \u2013 Warehouse and Dispatch Department<\/p>\n<p>Mail: <a href=\"mailto:t.jestrabek@jestrabek-regalsysteme.com\">t.jestrabek@jestrabek-regalsysteme.com<\/a><br \/>\nPhone: <a href=\"tel:+49256167888\">+49 (0) 25 61 \/ 678 88<\/a><\/p>\n                <\/div>\n\n                            <\/div>\n        <\/div>\n            <div>\n            <div class=\"uk-card uk-card-default\">\n\n                                    <div class=\"uk-cover-container\">\n                                                        <canvas width=\"565\" height=\"350\"><\/canvas>\n                                <img loading=\"lazy\" decoding=\"async\"\n                                    width=\"768\" \n                                    height=\"512\"\n                                    src=\"https:\/\/jestrabek-regalsysteme.com\/wp-content\/uploads\/2025\/02\/jestrabek-kontakt-ansprechpartner-DSA06580-768x512.webp\"\n                                    alt=\"\"\n                                    uk-cover \/>\n                                            <\/div>\n                                                \n                <div class=\"uk-card-header\">\n                                            <h5 class=\"card-title\">\n                            Diane G\u00f6ring                        <\/h5>\n                        <hr \/>\n                                    <\/div>\n\n                <div class=\"uk-card-body\">\n                    <p>Commercial employee \u2013 order processing<\/p>\n<p>Mail: <a href=\"mailto:d.goering@jestrabek-regalsysteme.com\">d.goering@jestrabek-regalsysteme.com<\/a><br \/>\nPhone: <a href=\"tel:+49256167888\">+49 (0) 25 61 \/ 678 88<\/a><\/p>\n                <\/div>\n\n                            <\/div>\n        <\/div>\n            <div>\n            <div class=\"uk-card uk-card-default\">\n\n                                    <div class=\"uk-cover-container\">\n                                                        <canvas width=\"565\" height=\"350\"><\/canvas>\n                                <img loading=\"lazy\" decoding=\"async\"\n                                    width=\"768\" \n                                    height=\"512\"\n                                    src=\"https:\/\/jestrabek-regalsysteme.com\/wp-content\/uploads\/2025\/02\/jestrabek-kontakt-ansprechpartner-DSA06580-768x512.webp\"\n                                    alt=\"\"\n                                    uk-cover \/>\n                                            <\/div>\n                                                \n                <div class=\"uk-card-header\">\n                                            <h5 class=\"card-title\">\n                            Dagmar Uhlig                        <\/h5>\n                        <hr \/>\n                                    <\/div>\n\n                <div class=\"uk-card-body\">\n                    <p>Commercial employee \u2013 accounting<\/p>\n<p>Mail: <a href=\"mailto:d.uhlig@jestrabek-regalsysteme.com\">d.uhlig@jestrabek-regalsysteme.com<\/a><br \/>\nPhone: <a href=\"tel:+49256167888\">+49 (0) 25 61 \/ 678 88<\/a><\/p>\n                <\/div>\n\n                            <\/div>\n        <\/div>\n    <\/div><\/div><\/div><\/div><\/div><div id=\"pg-1301-2\"  class=\"panel-grid panel-has-style\" ><div class=\"no-margin-bottom siteorigin-panels-stretch panel-stretched panel-row-style panel-row-style-for-1301-2\" data-stretch-type=\"stretched\" ><div id=\"pgc-1301-2-0\"  class=\"panel-grid-cell\" ><div id=\"panel-1301-2-0-0\" class=\"so-panel widget widget_sow-editor panel-first-child\" data-index=\"4\" ><div\n\t\t\t\n\t\t\tclass=\"so-widget-sow-editor so-widget-sow-editor-base\"\n\t\t\t\n\t\t>\n<div class=\"siteorigin-widget-tinymce textwidget\">\n\t<h2 style=\"text-align: center;\">Your way to us<\/h2>\n<\/div>\n<\/div><\/div><div id=\"panel-1301-2-0-1\" class=\"widget_text so-panel widget widget_custom_html panel-last-child\" data-index=\"5\" ><div class=\"textwidget custom-html-widget\"> <div class=\"brlbs-cmpnt-container brlbs-cmpnt-content-blocker brlbs-cmpnt-with-individual-styles\" data-borlabs-cookie-content-blocker-id=\"google-maps\" data-borlabs-cookie-content=\"PGlmcmFtZSBzcmM9Imh0dHBzOi8vd3d3Lmdvb2dsZS5jb20vbWFwcy9lbWJlZD9wYj0hMW0xOCExbTEyITFtMyExZDI0NTIuMDUzMDk3ODUzMTQxITJkNy4wMjYzNDUxNzYwNDA1MTY0ITNkNTIuMDc4NzYzMjY4ODA0NDEhMm0zITFmMCEyZjAhM2YwITNtMiExaTEwMjQhMmk3NjghNGYxMy4xITNtMyExbTIhMXMweDQ3Yjg0MTcwMTg4Y2ViMzMlM0EweDJmNjk0MjhiNzU0NDVjZWUhMnNKZXN0cmFiZWslMjBNZXRhbGx0ZWNobmlrJTIwR21iSCE1ZTAhM20yITFzZGUhMnNkZSE0djE3MzkzMDU0NTk0NTkhNW0yITFzZGUhMnNkZSIgd2lkdGg9IjEwMCUiIGhlaWdodD0iNTUwIiBzdHlsZT0iYm9yZGVyOjA7IiBhbGxvd2Z1bGxzY3JlZW49IiIgbG9hZGluZz0ibGF6eSIgcmVmZXJyZXJwb2xpY3k9Im5vLXJlZmVycmVyLXdoZW4tZG93bmdyYWRlIj48L2lmcmFtZT4=\"><div class=\"brlbs-cmpnt-cb-preset-b brlbs-cmpnt-cb-google-maps\"> <div class=\"brlbs-cmpnt-cb-thumbnail\" style=\"background-image: url('https:\/\/jestrabek-regalsysteme.com\/wp-content\/uploads\/borlabs-cookie\/1\/brlbs-cb-google-maps-main.png')\"><\/div> <div class=\"brlbs-cmpnt-cb-main\"> <div class=\"brlbs-cmpnt-cb-content\"> <p class=\"brlbs-cmpnt-cb-description\">You are currently viewing a placeholder content from <strong>Google Maps<\/strong>. To access the actual content, click the button below. Please note that doing so will share data with third-party providers.<\/p> <a class=\"brlbs-cmpnt-cb-provider-toggle\" href=\"#\" data-borlabs-cookie-show-provider-information role=\"button\">More Information<\/a> <\/div> <div class=\"brlbs-cmpnt-cb-buttons\"> <a class=\"brlbs-cmpnt-cb-btn\" href=\"#\" data-borlabs-cookie-unblock role=\"button\">Unblock content<\/a> <a class=\"brlbs-cmpnt-cb-btn\" href=\"#\" data-borlabs-cookie-accept-service role=\"button\" style=\"display: inherit\">Accept required service and unblock content<\/a> <\/div> <\/div> <\/div><\/div><\/div><\/div><\/div><\/div><\/div><\/div>","protected":false},"excerpt":{"rendered":"<p>Contact us Your contact to Jestrabek Personalised service and expert advice for your storage and shelving system Whether you have [&hellip;]<\/p>\n","protected":false},"author":1,"featured_media":1106,"parent":0,"menu_order":80,"comment_status":"closed","ping_status":"closed","template":"","meta":{"_acf_changed":false,"footnotes":""},"class_list":["post-1301","page","type-page","status-publish","has-post-thumbnail","hentry"],"acf":[],"yoast_head":"<!-- This site is optimized with the Yoast SEO plugin v27.5 - https:\/\/yoast.com\/product\/yoast-seo-wordpress\/ -->\n<title>Contact us - Jestrabek Regalsysteme<\/title>\n<meta name=\"description\" content=\"Individuelle Regalsysteme f\u00fcr h\u00f6chste Anspr\u00fcche\" \/>\n<meta name=\"robots\" content=\"index, follow, max-snippet:-1, max-image-preview:large, max-video-preview:-1\" \/>\n<link rel=\"canonical\" href=\"https:\/\/jestrabek-regalsysteme.com\/en\/contact-storage-racking-systems\/\" \/>\n<meta property=\"og:locale\" content=\"en_US\" \/>\n<meta property=\"og:type\" content=\"article\" \/>\n<meta property=\"og:title\" content=\"Contact us - Jestrabek Regalsysteme\" \/>\n<meta property=\"og:description\" content=\"Individuelle Regalsysteme f\u00fcr h\u00f6chste Anspr\u00fcche\" \/>\n<meta property=\"og:url\" content=\"https:\/\/jestrabek-regalsysteme.com\/en\/contact-storage-racking-systems\/\" \/>\n<meta property=\"og:site_name\" content=\"Jestrabek Regalsysteme\" \/>\n<meta property=\"article:modified_time\" content=\"2025-02-19T22:11:39+00:00\" \/>\n<meta property=\"og:image\" content=\"https:\/\/jestrabek-regalsysteme.com\/wp-content\/uploads\/2025\/02\/jestrabek-kontakt-subheader-DSC01469.webp\" \/>\n\t<meta property=\"og:image:width\" content=\"2560\" \/>\n\t<meta property=\"og:image:height\" content=\"1400\" \/>\n\t<meta property=\"og:image:type\" content=\"image\/webp\" \/>\n<meta name=\"twitter:card\" content=\"summary_large_image\" \/>\n<meta name=\"twitter:label1\" content=\"Est. reading time\" \/>\n\t<meta name=\"twitter:data1\" content=\"2 minutes\" \/>\n<script type=\"application\/ld+json\" class=\"yoast-schema-graph\">{\"@context\":\"https:\\\/\\\/schema.org\",\"@graph\":[{\"@type\":\"WebPage\",\"@id\":\"https:\\\/\\\/jestrabek-regalsysteme.com\\\/en\\\/contact-storage-racking-systems\\\/\",\"url\":\"https:\\\/\\\/jestrabek-regalsysteme.com\\\/en\\\/contact-storage-racking-systems\\\/\",\"name\":\"Contact us - Jestrabek Regalsysteme\",\"isPartOf\":{\"@id\":\"https:\\\/\\\/jestrabek-regalsysteme.com\\\/en\\\/#website\"},\"primaryImageOfPage\":{\"@id\":\"https:\\\/\\\/jestrabek-regalsysteme.com\\\/en\\\/contact-storage-racking-systems\\\/#primaryimage\"},\"image\":{\"@id\":\"https:\\\/\\\/jestrabek-regalsysteme.com\\\/en\\\/contact-storage-racking-systems\\\/#primaryimage\"},\"thumbnailUrl\":\"https:\\\/\\\/jestrabek-regalsysteme.com\\\/wp-content\\\/uploads\\\/2025\\\/02\\\/jestrabek-kontakt-subheader-DSC01469.webp\",\"datePublished\":\"2025-02-03T15:00:28+00:00\",\"dateModified\":\"2025-02-19T22:11:39+00:00\",\"description\":\"Individuelle Regalsysteme f\u00fcr h\u00f6chste Anspr\u00fcche\",\"breadcrumb\":{\"@id\":\"https:\\\/\\\/jestrabek-regalsysteme.com\\\/en\\\/contact-storage-racking-systems\\\/#breadcrumb\"},\"inLanguage\":\"en-US\",\"potentialAction\":[{\"@type\":\"ReadAction\",\"target\":[\"https:\\\/\\\/jestrabek-regalsysteme.com\\\/en\\\/contact-storage-racking-systems\\\/\"]}]},{\"@type\":\"ImageObject\",\"inLanguage\":\"en-US\",\"@id\":\"https:\\\/\\\/jestrabek-regalsysteme.com\\\/en\\\/contact-storage-racking-systems\\\/#primaryimage\",\"url\":\"https:\\\/\\\/jestrabek-regalsysteme.com\\\/wp-content\\\/uploads\\\/2025\\\/02\\\/jestrabek-kontakt-subheader-DSC01469.webp\",\"contentUrl\":\"https:\\\/\\\/jestrabek-regalsysteme.com\\\/wp-content\\\/uploads\\\/2025\\\/02\\\/jestrabek-kontakt-subheader-DSC01469.webp\",\"width\":2560,\"height\":1400},{\"@type\":\"BreadcrumbList\",\"@id\":\"https:\\\/\\\/jestrabek-regalsysteme.com\\\/en\\\/contact-storage-racking-systems\\\/#breadcrumb\",\"itemListElement\":[{\"@type\":\"ListItem\",\"position\":1,\"name\":\"Startseite\",\"item\":\"https:\\\/\\\/jestrabek-regalsysteme.com\\\/en\\\/\"},{\"@type\":\"ListItem\",\"position\":2,\"name\":\"Contact us\"}]},{\"@type\":\"WebSite\",\"@id\":\"https:\\\/\\\/jestrabek-regalsysteme.com\\\/en\\\/#website\",\"url\":\"https:\\\/\\\/jestrabek-regalsysteme.com\\\/en\\\/\",\"name\":\"Jestrabek Regalsysteme\",\"description\":\"Individuelle Regalsysteme f\u00fcr h\u00f6chste Anspr\u00fcche\",\"publisher\":{\"@id\":\"https:\\\/\\\/jestrabek-regalsysteme.com\\\/en\\\/#organization\"},\"alternateName\":\"Jestrabek Regalsysteme \u2013 Jestrabek Metalltechnik GmbH\\u2028\",\"potentialAction\":[{\"@type\":\"SearchAction\",\"target\":{\"@type\":\"EntryPoint\",\"urlTemplate\":\"https:\\\/\\\/jestrabek-regalsysteme.com\\\/en\\\/?s={search_term_string}\"},\"query-input\":{\"@type\":\"PropertyValueSpecification\",\"valueRequired\":true,\"valueName\":\"search_term_string\"}}],\"inLanguage\":\"en-US\"},{\"@type\":\"Organization\",\"@id\":\"https:\\\/\\\/jestrabek-regalsysteme.com\\\/en\\\/#organization\",\"name\":\"Jestrabek Metalltechnik GmbH\\u2028\",\"url\":\"https:\\\/\\\/jestrabek-regalsysteme.com\\\/en\\\/\",\"logo\":{\"@type\":\"ImageObject\",\"inLanguage\":\"en-US\",\"@id\":\"https:\\\/\\\/jestrabek-regalsysteme.com\\\/en\\\/#\\\/schema\\\/logo\\\/image\\\/\",\"url\":\"https:\\\/\\\/jestrabek-regalsysteme.com\\\/wp-content\\\/uploads\\\/2025\\\/02\\\/jestrabek-logo-rgb-neg-500px.webp\",\"contentUrl\":\"https:\\\/\\\/jestrabek-regalsysteme.com\\\/wp-content\\\/uploads\\\/2025\\\/02\\\/jestrabek-logo-rgb-neg-500px.webp\",\"width\":500,\"height\":240,\"caption\":\"Jestrabek Metalltechnik GmbH\\u2028\"},\"image\":{\"@id\":\"https:\\\/\\\/jestrabek-regalsysteme.com\\\/en\\\/#\\\/schema\\\/logo\\\/image\\\/\"}}]}<\/script>\n<!-- \/ Yoast SEO plugin. -->","yoast_head_json":{"title":"Contact us - Jestrabek Regalsysteme","description":"Individuelle Regalsysteme f\u00fcr h\u00f6chste Anspr\u00fcche","robots":{"index":"index","follow":"follow","max-snippet":"max-snippet:-1","max-image-preview":"max-image-preview:large","max-video-preview":"max-video-preview:-1"},"canonical":"https:\/\/jestrabek-regalsysteme.com\/en\/contact-storage-racking-systems\/","og_locale":"en_US","og_type":"article","og_title":"Contact us - Jestrabek Regalsysteme","og_description":"Individuelle Regalsysteme f\u00fcr h\u00f6chste Anspr\u00fcche","og_url":"https:\/\/jestrabek-regalsysteme.com\/en\/contact-storage-racking-systems\/","og_site_name":"Jestrabek Regalsysteme","article_modified_time":"2025-02-19T22:11:39+00:00","og_image":[{"width":2560,"height":1400,"url":"https:\/\/jestrabek-regalsysteme.com\/wp-content\/uploads\/2025\/02\/jestrabek-kontakt-subheader-DSC01469.webp","type":"image\/webp"}],"twitter_card":"summary_large_image","twitter_misc":{"Est. reading time":"2 minutes"},"schema":{"@context":"https:\/\/schema.org","@graph":[{"@type":"WebPage","@id":"https:\/\/jestrabek-regalsysteme.com\/en\/contact-storage-racking-systems\/","url":"https:\/\/jestrabek-regalsysteme.com\/en\/contact-storage-racking-systems\/","name":"Contact us - Jestrabek Regalsysteme","isPartOf":{"@id":"https:\/\/jestrabek-regalsysteme.com\/en\/#website"},"primaryImageOfPage":{"@id":"https:\/\/jestrabek-regalsysteme.com\/en\/contact-storage-racking-systems\/#primaryimage"},"image":{"@id":"https:\/\/jestrabek-regalsysteme.com\/en\/contact-storage-racking-systems\/#primaryimage"},"thumbnailUrl":"https:\/\/jestrabek-regalsysteme.com\/wp-content\/uploads\/2025\/02\/jestrabek-kontakt-subheader-DSC01469.webp","datePublished":"2025-02-03T15:00:28+00:00","dateModified":"2025-02-19T22:11:39+00:00","description":"Individuelle Regalsysteme f\u00fcr h\u00f6chste Anspr\u00fcche","breadcrumb":{"@id":"https:\/\/jestrabek-regalsysteme.com\/en\/contact-storage-racking-systems\/#breadcrumb"},"inLanguage":"en-US","potentialAction":[{"@type":"ReadAction","target":["https:\/\/jestrabek-regalsysteme.com\/en\/contact-storage-racking-systems\/"]}]},{"@type":"ImageObject","inLanguage":"en-US","@id":"https:\/\/jestrabek-regalsysteme.com\/en\/contact-storage-racking-systems\/#primaryimage","url":"https:\/\/jestrabek-regalsysteme.com\/wp-content\/uploads\/2025\/02\/jestrabek-kontakt-subheader-DSC01469.webp","contentUrl":"https:\/\/jestrabek-regalsysteme.com\/wp-content\/uploads\/2025\/02\/jestrabek-kontakt-subheader-DSC01469.webp","width":2560,"height":1400},{"@type":"BreadcrumbList","@id":"https:\/\/jestrabek-regalsysteme.com\/en\/contact-storage-racking-systems\/#breadcrumb","itemListElement":[{"@type":"ListItem","position":1,"name":"Startseite","item":"https:\/\/jestrabek-regalsysteme.com\/en\/"},{"@type":"ListItem","position":2,"name":"Contact us"}]},{"@type":"WebSite","@id":"https:\/\/jestrabek-regalsysteme.com\/en\/#website","url":"https:\/\/jestrabek-regalsysteme.com\/en\/","name":"Jestrabek Regalsysteme","description":"Individuelle Regalsysteme f\u00fcr h\u00f6chste Anspr\u00fcche","publisher":{"@id":"https:\/\/jestrabek-regalsysteme.com\/en\/#organization"},"alternateName":"Jestrabek Regalsysteme \u2013 Jestrabek Metalltechnik GmbH\u2028","potentialAction":[{"@type":"SearchAction","target":{"@type":"EntryPoint","urlTemplate":"https:\/\/jestrabek-regalsysteme.com\/en\/?s={search_term_string}"},"query-input":{"@type":"PropertyValueSpecification","valueRequired":true,"valueName":"search_term_string"}}],"inLanguage":"en-US"},{"@type":"Organization","@id":"https:\/\/jestrabek-regalsysteme.com\/en\/#organization","name":"Jestrabek Metalltechnik GmbH\u2028","url":"https:\/\/jestrabek-regalsysteme.com\/en\/","logo":{"@type":"ImageObject","inLanguage":"en-US","@id":"https:\/\/jestrabek-regalsysteme.com\/en\/#\/schema\/logo\/image\/","url":"https:\/\/jestrabek-regalsysteme.com\/wp-content\/uploads\/2025\/02\/jestrabek-logo-rgb-neg-500px.webp","contentUrl":"https:\/\/jestrabek-regalsysteme.com\/wp-content\/uploads\/2025\/02\/jestrabek-logo-rgb-neg-500px.webp","width":500,"height":240,"caption":"Jestrabek Metalltechnik GmbH\u2028"},"image":{"@id":"https:\/\/jestrabek-regalsysteme.com\/en\/#\/schema\/logo\/image\/"}}]}},"_links":{"self":[{"href":"https:\/\/jestrabek-regalsysteme.com\/en\/wp-json\/wp\/v2\/pages\/1301","targetHints":{"allow":["GET"]}}],"collection":[{"href":"https:\/\/jestrabek-regalsysteme.com\/en\/wp-json\/wp\/v2\/pages"}],"about":[{"href":"https:\/\/jestrabek-regalsysteme.com\/en\/wp-json\/wp\/v2\/types\/page"}],"author":[{"embeddable":true,"href":"https:\/\/jestrabek-regalsysteme.com\/en\/wp-json\/wp\/v2\/users\/1"}],"replies":[{"embeddable":true,"href":"https:\/\/jestrabek-regalsysteme.com\/en\/wp-json\/wp\/v2\/comments?post=1301"}],"version-history":[{"count":5,"href":"https:\/\/jestrabek-regalsysteme.com\/en\/wp-json\/wp\/v2\/pages\/1301\/revisions"}],"predecessor-version":[{"id":1463,"href":"https:\/\/jestrabek-regalsysteme.com\/en\/wp-json\/wp\/v2\/pages\/1301\/revisions\/1463"}],"wp:featuredmedia":[{"embeddable":true,"href":"https:\/\/jestrabek-regalsysteme.com\/en\/wp-json\/wp\/v2\/media\/1106"}],"wp:attachment":[{"href":"https:\/\/jestrabek-regalsysteme.com\/en\/wp-json\/wp\/v2\/media?parent=1301"}],"curies":[{"name":"wp","href":"https:\/\/api.w.org\/{rel}","templated":true}]}}